{"id":523,"date":"2014-11-30T15:29:00","date_gmt":"2014-11-30T15:29:00","guid":{"rendered":"http:\/\/rheinholz-bonn.de\/?page_id=523"},"modified":"2018-05-22T16:43:42","modified_gmt":"2018-05-22T16:43:42","slug":"datenschutz","status":"publish","type":"page","link":"https:\/\/rheinholz-bonn.de\/?page_id=523","title":{"rendered":"Datenschutz"},"content":{"rendered":"<div id=\"pl-523\"  class=\"panel-layout\" ><div id=\"pg-523-0\"  class=\"panel-grid panel-no-style\" ><div id=\"pgc-523-0-0\"  class=\"panel-grid-cell\" ><div id=\"panel-523-0-0-0\" class=\"so-panel widget widget_text panel-first-child panel-last-child\" data-index=\"0\" >\t\t\t<div class=\"textwidget\"><p><strong><H2>Datenschutzerkla\u0308rung<\/h2>\n<p><\/strong><\/p>\n<p><strong>Verantwortlicher<\/strong> im Sinne der Datenschutz-Grundverordnung, sonstiger in den Mitgliedstaaten der Europ\u00e4ischen Union geltenden Datenschutzgesetze und anderer Bestimmungen mit datenschutzrechtlichem Charakter ist Herr Frank Werner, Landsberger Str. 140, 53119 Bonn (nachfolgend \u201eVerantwortlicher\u201c bzw. \u201ewir\u201c oder \u201euns\u201c).<\/p>\n<p><strong><\/p>\n<h2>A. Allgemeines zur Datenverarbeitung<\/h2>\n<p><\/strong><\/p>\n<p><strong>1) Personenbezogene Daten<\/strong><br \/>\nPersonenbezogene Daten sind Einzelangaben \u00fcber pers\u00f6nliche oder sachliche Verh\u00e4ltnisse einer bestimmten oder bestimmbaren nat\u00fcrlichen Person. Darunter fallen Informationen wie zum Beispiel Name, Anschrift, Telefonnummer und E-Mail Adresse, aber auch die IP-Adresse, die einem Anschluss zuzuordnen ist. Informationen, die nicht direkt mit der Identit\u00e4t einer Person in Verbindung gebracht werden - wie zum Beispiel favorisierte Internetpr\u00e4senzen oder Anzahl der Nutzer einer Seite - sind keine personenbezogenen Daten.<\/p>\n<p><strong>2) Umfang der Verarbeitung personenbezogener Daten<\/strong><br \/>\nWir erheben und verwenden personenbezogene Daten unserer Nutzer grunds\u00e4tzlich nur, soweit dies zur Bereitstellung einer funktionsf\u00e4higen Website sowie unserer Inhalte und Leistungen erforderlich ist. Die Erhebung und Verwendung personenbezogener Daten unserer Nutzer erfolgt regelm\u00e4\u00dfig nur nach Einwilligung des Nutzers. Eine Ausnahme gilt in solchen F\u00e4llen, in denen eine vorherige Einholung einer Einwilligung aus tats\u00e4chlichen Gr\u00fcnden nicht m\u00f6glich ist und die Verarbeitung der Daten durch gesetzliche Vorschriften gestattet ist. <\/p>\n<p><strong>Auskunft und Widerruf<\/strong><br \/>\n1. Sie haben jederzeit das Recht auf kostenfreie Auskunft u\u0308ber die bezu\u0308glich Ihrer Person gespeicherten Daten, deren Herkunft und Empfa\u0308nger, die Berechtigung, Sperrung oder Lo\u0308schung von Daten sowie den Widerruf erteilter Einwilligungen und den Zweck der Datenverarbeitung.<br \/>\n2. Der Verwendung der u\u0308ber Ihre Person gespeicherten Daten ko\u0308nnen Sie jederzeit widersprechen. Gleichfalls ko\u0308nnen Sie eine bereits erteilte Einwilligung jederzeit<br \/>\nwiderrufen. Bitte wenden Sie sich an frankwerner@online.de oder senden Sie uns Ihr Verlangen per Post oder Fax.<br \/>\n3. Ihre Einwilligung zur Speicherung der Daten ko\u0308nnen Sie jederzeit auch ohne Angabe von Gru\u0308nden widerrufen.<\/p>\n<p><strong>3) Rechtsgrundlage f\u00fcr die Verarbeitung personenbezogener Daten<\/strong><br \/>\nSoweit wir f\u00fcr Verarbeitungsvorg\u00e4nge personenbezogener Daten eine Einwilligung der betroffenen Person einholen, dient Art. 6 Abs. 1 lit. a EU-Datenschutzgrundverordnung (DSGVO) als Rechtsgrundlage f\u00fcr die Verarbeitung personenbezogener Daten.<br \/>\nBei der Verarbeitung von personenbezogenen Daten, die zur Erf\u00fcllung eines Vertrages, dessen Vertragspartei die betroffene Person ist, erforderlich ist, dient Art. 6 Abs. 1 lit. b DSGVO als Rechtsgrundlage. Dies gilt auch f\u00fcr Verarbeitungsvorg\u00e4nge, die zur Durchf\u00fchrung vorvertraglicher Ma\u00dfnahmen erforderlich sind.<br \/>\nIst die Verarbeitung zur Wahrung eines berechtigten Interesses unseres Unternehmens oder eines Dritten erforderlich und \u00fcberwiegen die Interessen, Grundrechte und Grundfreiheiten des Betroffenen das erstgenannte Interesse nicht, so dient Art. 6 Abs. 1 lit. f DSGVO als Rechtsgrundlage f\u00fcr die Verarbeitung. <\/p>\n<p><strong>4) Datenl\u00f6schung und Speicherdauer<\/strong><br \/>\nDie personenbezogenen Daten der betroffenen Person werden gel\u00f6scht oder gesperrt, sobald der Zweck der Speicherung entf\u00e4llt. Eine Speicherung kann dar\u00fcber hinaus dann erfolgen, wenn dies durch den europ\u00e4ischen oder nationalen Gesetzgeber in unionsrechtlichen Verordnungen, Gesetzen oder sonstigen Vorschriften, denen wir unterliegen, vorgesehen wurde. Eine Sperrung oder L\u00f6schung der Daten erfolgt auch dann, wenn eine durch die genannten Normen vorgeschriebene Speicherfrist abl\u00e4uft, es sei denn, dass eine Erforderlichkeit zur weiteren Speicherung der Daten f\u00fcr einen Vertragsabschluss oder eine Vertragserf\u00fcllung besteht.<\/p>\n<p><strong><\/p>\n<h2>B. Bereitstellung der Website und Erstellung von Logfiles<\/h2>\n<p><\/strong><br \/>\nBei jedem Aufruf unserer Internetseite werden durch ein automatisiertes System Daten und Informationen von uns erfasst.<br \/>\nFolgende Daten werden hierbei erhoben:<br \/>\n(1)\tInformationen \u00fcber den Browsertyp und die verwendete Version<br \/>\n(2)\tDas Betriebssystem des Nutzers<br \/>\n(3)\tDen Internet-Service Provider des Nutzers<br \/>\n(4)\tDie IP-Adresse des Nutzers<br \/>\n(5)\tDatum und Uhrzeit des Zugriffs<br \/>\n(6)\tWebseiten, von denen das System des Nutzers auf unsere Internetseite gelangt (Referrer)<br \/>\n(7)\tWebseiten, die vom System des Nutzers \u00fcber unsere Webseite aufgerufen werden<br \/>\nDiese Daten werden in den Logfiles unseres Systems gespeichert. Eine Speicherung dieser Daten zusammen mit anderen personenbezogenen Daten des Nutzers findet nicht statt <\/p>\n<p><strong>Rechtsgrundlage f\u00fcr die Datenverarbeitung<\/strong><br \/>\nRechtsgrundlage f\u00fcr die vor\u00fcbergehende Speicherung der Daten und der Logfiles ist Art. 6 Abs. 1 lit. f DSGVO<\/p>\n<p><strong>Zweck der Datenverarbeitung<\/strong><br \/>\nDie vor\u00fcbergehende Speicherung der IP-Adresse durch das System ist notwendig, um eine Auslieferung der Website an den Rechner des Nutzers zu erm\u00f6glichen. Hierf\u00fcr muss die IP-Adresse des Nutzers f\u00fcr die Dauer der Sitzung gespeichert bleiben.<br \/>\nDie Speicherung in Logfiles erfolgt, um die Funktionsf\u00e4higkeit der Website sicherzustellen. Zudem dienen uns die Daten zur Optimierung der Website und zur Sicherstellung  bzw. zur Sicherheit unserer informationstechnischen Systeme.<br \/>\nIn diesen Zwecken liegt auch unser berechtigtes Interesse an der Datenverarbeitung nach Art. 6 Abs. 1 lit. f DSGVO.<\/p>\n<p><strong>Dauer der Speicherung<\/strong><br \/>\nDie Daten werden gel\u00f6scht, sobald sie f\u00fcr die Erreichung des Zweckes ihrer Erhebung nicht mehr erforderlich sind. Im Falle der Erfassung der Daten zur Bereitstellung der Website ist dies der Fall, wenn die jeweilige Sitzung beendet ist.<br \/>\nIm Falle der Speicherung der Daten in Logfiles ist dies nach sp\u00e4testens sechs Wochen der Fall. Eine dar\u00fcber hinausgehende Speicherung ist m\u00f6glich. In diesem Fall werden die IP-Adressen der Nutzer gel\u00f6scht oder verfremdet, sodass eine Zuordnung des aufrufenden Clients nicht mehr m\u00f6glich ist.<\/p>\n<p><strong>Widerspruchs- und Beseitigungsm\u00f6glichkeit<\/strong><br \/>\nDie Erfassung der Daten zur Bereitstellung der Website und die Speicherung der Daten in Logfiles ist f\u00fcr den Betrieb der Internetseite zwingend erforderlich. Es besteht folglich seitens des Nutzers keine Widerspruchsm\u00f6glichkeit. <\/p>\n<p><strong><\/p>\n<h2>C. Kontaktaufnahme per E-Mail oder Kontaktformular><\/h2>\n<p><\/strong><br \/>\nAuf unserer Internetseite ist ein Kontaktformular eingebunden, das f\u00fcr die elektronische Kontaktaufnahme genutzt werden kann. Alternativ ist eine Kontaktaufnahme \u00fcber die bereitgestellte E-Mail-Adresse m\u00f6glich.<br \/>\nNehmen Sie \u00fcber das Kontaktformular Kontakt mit uns auf, so werden in jedem Fall Ihr Name, Ihre E-Mail Adresse und Ihre Nachricht an uns \u00fcbermittelt. Zudem erfolgt eine Speicherung der IP-Adresse des Nutzers und des Datums und der Uhrzeit.<br \/>\nF\u00fcr die Verarbeitung der Daten wird im Rahmen des Absendevorgangs Ihre Einwilligung eingeholt und auf diese Datenschutzerkl\u00e4rung verwiesen.<br \/>\nBei einer Kontaktaufnahme per E-Mail wird Ihre E-Mail Adresse und Ihre Nachricht an uns \u00fcbermittelt und von uns gespeichert. <\/p>\n<p><strong>Rechtsgrundlage f\u00fcr die Datenverarbeitung<\/strong><br \/>\nRechtsgrundlage f\u00fcr die Verarbeitung der Daten ist bei Vorliegen einer Einwilligung des Nutzers Art. 6 Abs. 1 lit. a DSGVO.<br \/>\nRechtsgrundlage f\u00fcr die Verarbeitung der Daten, die im Zuge einer \u00dcbersendung einer E-Mail \u00fcbermittelt werden, ist Art. 6 Abs. 1 lit. f DSGVO. Zielt ein E-Mail-Kontakt auf den Abschluss eines Vertrages ab, so ist zus\u00e4tzliche Rechtsgrundlage f\u00fcr die Verarbeitung Art. 6 Abs. 1 lit. b DSGVO.<\/p>\n<p><strong>Zweck der Datenverarbeitung<\/strong><br \/>\nDie Verarbeitung der personenbezogenen Daten aus der Eingabemaske des Kontaktformulars dient uns allein zur Bearbeitung der Kontaktaufnahme. Im Falle einer Kontaktaufnahme per E-Mail liegt hieran auch das erforderliche berechtigte Interesse an der Verarbeitung der Daten.<br \/>\nDie sonstigen w\u00e4hrend des Absendevorgangs verarbeiteten personenbezogenen Daten dienen dazu, einen Missbrauch des Kontaktformulars zu verhindern und die Sicherheit unserer informationstechnischen Systeme sicherzustellen.<\/p>\n<p><strong>Dauer der Speicherung<\/strong><br \/>\nDie Daten werden nach Ablauf der handels- und steuerrechtlichen Aufbewahrungspflichten gel\u00f6scht. <\/p>\n<p><strong>Widerspruchs- und Beseitigungsm\u00f6glichkeit<\/strong><br \/>\nDer Nutzer hat jederzeit die M\u00f6glichkeit, seine Einwilligung zur Verarbeitung der personenbezogenen Daten zu widerrufen. Nimmt der Nutzer per E-Mail Kontakt mit uns auf, so kann er der Speicherung seiner personenbezogenen Daten jederzeit widersprechen. In einem solchen Fall kann die Konversation nicht fortgef\u00fchrt werden. Der Widerruf kann durch \u00dcbersenden einer E-Mail oder durch telefonische oder postalische Kontaktaufnahme mit uns erfolgen.<br \/>\nAlle personenbezogenen Daten, die im Zuge der Kontaktaufnahme gespeichert wurden, werden in diesem Fall gel\u00f6scht.<\/p>\n<p><strong><\/p>\n<h2>D. Weitergabe der Daten an Dritte<\/h2>\n<p><\/strong><br \/>\nDie im Rahmen des Besuches unserer Webseite erhobenen Daten werden nicht an Dritte weitergegeben.<\/p>\n<p><strong><\/p>\n<h2>E. Rechte der betroffenen Person<\/h2>\n<p><\/strong><br \/>\nWerden personenbezogene Daten von Ihnen verarbeitet, sind Sie Betroffener i.S.d. DS-GVO und es stehen Ihnen folgende Rechte gegen\u00fcber uns (\u201edem Verantwortlichen\u201c) zu:<\/p>\n<p><strong>1) Auskunftsrecht<\/strong><br \/>\nSie k\u00f6nnen eine Best\u00e4tigung dar\u00fcber verlangen, ob personenbezogene Daten, die Sie betreffen, von uns verarbeitet werden.<br \/>\nLiegt eine solche Verarbeitung vor, k\u00f6nnen Sie von uns \u00fcber folgende Informationen Auskunft verlangen:<br \/>\na.\tdie Zwecke, zu denen die personenbezogenen Daten verarbeitet werden;<br \/>\nb.\tdie Kategorien von personenbezogenen Daten, welche verarbeitet werden;<br \/>\nc.\tdie Empf\u00e4nger bzw. die Kategorien von Empf\u00e4ngern, gegen\u00fcber denen die Sie betreffenden personenbezogenen Daten offen gelegt wurden oder noch offen gelegt werden;<br \/>\nd.\tdie geplante Dauer der Speicherung der Sie betreffenden personenbezogenen Daten oder, falls konkrete Angaben hierzu nicht m\u00f6glich sind, Kriterien f\u00fcr die Festlegung der Speicherdauer;<br \/>\ne.\tdas Bestehen eines Rechts auf Berichtigung oder L\u00f6schung der Sie betreffenden personenbezogenen Daten, eines Rechts auf Einschr\u00e4nkung der Verarbeitung durch uns oder eines Widerspruchsrechts gegen diese Verarbeitung;<br \/>\nf.\tdas Bestehen eines Beschwerderechts bei einer Aufsichtsbeh\u00f6rde;<br \/>\ng.\talle verf\u00fcgbaren Informationen \u00fcber die Herkunft der Daten, wenn die personenbezogenen Daten nicht bei der betroffenen Person erhoben werden.<br \/>\nIhnen steht das Recht zu, Auskunft dar\u00fcber zu verlangen, ob die Sie betreffenden personenbezogenen Daten in ein Drittland oder an eine internationale Organisation \u00fcbermittelt werden. In diesem Zusammenhang k\u00f6nnen Sie verlangen, \u00fcber die geeigneten Garantien gem. Art. 46 DS-GVO im Zusammenhang mit der \u00dcbermittlung unterrichtet zu werden.<\/p>\n<p><strong>2) Recht auf Berichtigung <\/strong><br \/>\nSie haben ein Recht auf Berichtigung und\/oder Vervollst\u00e4ndigung, sofern die verarbeiteten personenbezogenen Daten, die Sie betreffen, unrichtig oder unvollst\u00e4ndig sind. Die Berichtigung ist von uns unverz\u00fcglich vorzunehmen.<\/p>\n<p><strong>3) Recht auf L\u00f6schung<\/strong><br \/>\n3.1) Sie k\u00f6nnen von uns verlangen, dass die Sie betreffenden personenbezogenen Daten unverz\u00fcglich gel\u00f6scht werden, und wir sind verpflichtet, diese Daten unverz\u00fcglich zu l\u00f6schen, sofern einer der folgenden Gr\u00fcnde zutrifft:<br \/>\na.\tDie Sie betreffenden personenbezogenen Daten sind f\u00fcr die Zwecke, f\u00fcr die sie erhoben oder auf sonstige Weise verarbeitet wurden, nicht mehr notwendig.<br \/>\nb.\tSie widerrufen Ihre Einwilligung, auf die sich die Verarbeitung gem. Art. 6 Abs. 1 lit. a oder Art. 9 Abs. 2 lit. a DS-GVO st\u00fctzte, und es fehlt an einer anderweitigen Rechtsgrundlage f\u00fcr die Verarbeitung.<br \/>\nc.\tSie legen gem. Art. 21 Abs. 1 DS-GVO Widerspruch gegen die Verarbeitung ein und es liegen keine vorrangigen berechtigten Gr\u00fcnde f\u00fcr die Verarbeitung vor, oder die Sie legen gem. Art. 21 Abs. 2 DS-GVO Widerspruch gegen die Verarbeitung ein.<br \/>\nd.\tDie Sie betreffenden personenbezogenen Daten wurden unrechtm\u00e4\u00dfig verarbeitet.<br \/>\ne.\tDie L\u00f6schung der Sie betreffenden personenbezogenen Daten ist zur Erf\u00fcllung einer rechtlichen Verpflichtung nach dem Unionsrecht oder dem Recht der Bundesrepublik Deutschland erforderlich.<br \/>\nf.\tDie Sie betreffenden personenbezogenen Daten wurden in Bezug auf angebotene Dienste der Informationsgesellschaft gem\u00e4\u00df Art. 8 Abs. 1 DS-GVO erhoben.<br \/>\n3.2) Das Recht auf L\u00f6schung besteht nicht, soweit die Verarbeitung erforderlich ist<br \/>\na.\tzur Aus\u00fcbung des Rechts auf freie Meinungs\u00e4u\u00dferung und Information;<br \/>\nb.\tzur Erf\u00fcllung einer rechtlichen Verpflichtung, die die Verarbeitung nach dem Recht der Union oder der Bundesrepublik Deutschland erfordert, oder zur Wahrnehmung einer Aufgabe, die im \u00f6ffentlichen Interesse liegt;<br \/>\nc.\taus Gr\u00fcnden des \u00f6ffentlichen Interesses im Bereich der \u00f6ffentlichen Gesundheit gem\u00e4\u00df Art. 9 Abs.  2 lit. h und i sowie Art. 9 Ab. 3 DS-GVO;<br \/>\nd.\tf\u00fcr im \u00f6ffentlichen Interesse liegende Archivzwecke, wissenschaftliche oder historische Forschungszwecke oder f\u00fcr statistische Zwecke gem. Art. 89 Abs. 1 DS-GVO, soweit das in Abs. 1 genannte Recht voraussichtlich die Verwirklichung der Ziele dieser Verarbeitung unm\u00f6glich macht oder ernsthaft beeintr\u00e4chtigt, oder<br \/>\ne.\tzur Geltendmachung, Aus\u00fcbung oder Verteidigung von Rechtsanspr\u00fcchen.<\/p>\n<p><strong>4) Recht auf Einschr\u00e4nkung der Verarbeitung<\/strong><br \/>\nUnter den folgenden Voraussetzungen k\u00f6nnen Sie die Einschr\u00e4nkung der Verarbeitung der Sie betreffenden personenbezogenen Daten verlangen:<br \/>\na.\twenn Sie die Richtigkeit der Sie betreffenden personenbezogenen f\u00fcr eine Dauer bestreiten, die es uns erm\u00f6glicht, die Richtigkeit der personenbezogenen Daten zu \u00fcberpr\u00fcfen;<br \/>\nb.\tdie Verarbeitung unrechtm\u00e4\u00dfig ist und Sie die L\u00f6schung der personenbezogenen Daten ablehnen und stattdessen die Einschr\u00e4nkung der Nutzung der personenbezogenen Daten verlangen;<br \/>\nc.\twir die personenbezogenen Daten f\u00fcr die Zwecke der Verarbeitung nicht l\u00e4nger ben\u00f6tigen, Sie diese jedoch zur Geltendmachung, Aus\u00fcbung oder Verteidigung von Rechtsanspr\u00fcchen ben\u00f6tigen, oder<br \/>\nd.\twenn Sie Widerspruch gegen die Verarbeitung gem\u00e4\u00df Art. 21 Abs. 1 DS-GVO eingelegt haben und noch nicht feststeht, ob unsere berechtigten Gr\u00fcnde gegen\u00fcber Ihren Gr\u00fcnden \u00fcberwiegen.<br \/>\nWurde die Verarbeitung der Sie betreffenden personenbezogenen Daten eingeschr\u00e4nkt, d\u00fcrfen diese Daten \u2013 von ihrer Speicherung abgesehen \u2013 nur mit Ihrer Einwilligung oder zur Geltendmachung, Aus\u00fcbung oder Verteidigung von Rechtsanspr\u00fcchen oder zum Schutz der Rechte einer anderen nat\u00fcrlichen oder juristischen Person oder aus Gr\u00fcnden eines wichtigen \u00f6ffentlichen Interesses der Union oder eines Mitgliedstaats verarbeitet werden.<br \/>\nWurde die Einschr\u00e4nkung der Verarbeitung nach den o.g. Voraussetzungen eingeschr\u00e4nkt, werden Sie von uns unterrichtet, bevor die Einschr\u00e4nkung aufgehoben wird.<\/p>\n<p><strong>5) Recht auf Unterrichtung<\/strong><br \/>\nHaben Sie das Recht auf Berichtigung, L\u00f6schung oder Einschr\u00e4nkung der Verarbeitung geltend gemacht, sind wir verpflichtet, allen Empf\u00e4ngern, denen die Sie betreffenden personenbezogenen Daten offen gelegt wurden, diese Berichtigung oder L\u00f6schung der Daten oder Einschr\u00e4nkung der Verarbeitung mitzuteilen, es sei denn, dies erweist sich als unm\u00f6glich oder ist mit einem unverh\u00e4ltnism\u00e4\u00dfigen Aufwand verbunden.<br \/>\nIhnen steht ferner das Recht zu, \u00fcber diese Empf\u00e4nger unterrichtet zu werden.<\/p>\n<p><strong>6) Recht auf Daten\u00fcbertragbarkeit<\/strong><br \/>\nSie haben das das Recht, die Sie betreffenden personenbezogenen Daten, die Sie uns bereitgestellt haben, in einem strukturierten, g\u00e4ngigen und maschinenlesbaren Format zu erhalten. Au\u00dferdem haben Sie das Recht diese Daten einem anderen Verantwortlichen ohne Behinderung durch uns zu \u00fcbermitteln, sofern<br \/>\na.\tdie Verarbeitung auf einer Einwilligung gem. Art. 6 Abs. 1 lit. a DS-GVO oder Art. 9 Abs. 2 lit. a DS-GVO oder auf einem Vertrag gem. Art. 6 Abs. 1 lit. b DS-GVO beruht und<br \/>\nb.\tdie Verarbeitung mithilfe automatisierter Verfahren erfolgt.<br \/>\nIn Aus\u00fcbung dieses Rechts haben Sie ferner das Recht zu erwirken, dass die Sie betreffenden personenbezogenen Daten direkt von einem Verantwortlichen einem anderen Verantwortlichen \u00fcbermittelt werden, soweit dies technisch machbar ist. Freiheiten und Rechte anderer Personen d\u00fcrfen hierdurch nicht beeintr\u00e4chtigt werden.<br \/>\nDas Recht auf Daten\u00fcbertragbarkeit gilt nicht f\u00fcr eine Verarbeitung personenbezogener Daten, die f\u00fcr die Wahrnehmung einer Aufgabe erforderlich ist, die im \u00f6ffentlichen Interesse liegt. <\/p>\n<p><strong>7) Widerspruchsrecht<\/strong><br \/>\nSie haben das Recht, aus Gr\u00fcnden, die sich aus ihrer besonderen Situation ergeben, jederzeit gegen die Verarbeitung der Sie betreffenden personenbezogenen Daten, die aufgrund von Art. 6 Abs. 1 lit. e oder f DS-GVO erfolgt, Widerspruch einzulegen.<br \/>\nNach einem Widerspruch verarbeiten wir die Sie betreffenden personenbezogenen Daten nicht mehr, es sei denn, wir k\u00f6nnen zwingende schutzw\u00fcrdige Gr\u00fcnde f\u00fcr die Verarbeitung nachweisen, die Ihren Interessen, Rechten und Freiheiten \u00fcberwiegen, oder die Verarbeitung dient der Geltendmachung, Aus\u00fcbung oder Verteidigung von Rechtsanspr\u00fcchen.<\/p>\n<p><strong>8) Recht auf Widerruf der datenschutzrechtlichen Einwilligungserkl\u00e4rung<\/strong><br \/>\nSie haben das Recht, Ihre datenschutzrechtliche Einwilligungserkl\u00e4rung jederzeit zu widerrufen. Durch den Widerruf der Einwilligung wird die Rechtm\u00e4\u00dfigkeit der aufgrund der Einwilligung bis zum Widerruf erfolgten Verarbeitung nicht ber\u00fchrt.<\/p>\n<p><strong>9) Recht auf Beschwerde bei einer Aufsichtsbeh\u00f6rde<\/strong><br \/>\nUnbeschadet eines anderweitigen verwaltungsrechtlichen oder gerichtlichen Rechtsbehelfs steht Ihnen das Recht auf Beschwerde bei einer Aufsichtsbeh\u00f6rde, insbesondere in dem Mitgliedstaat ihres Aufenthaltsorts, ihres Arbeitsplatzes oder des Orts des mutma\u00dflichen Versto\u00dfes, wenn Sie der Ansicht sind, dass die Verarbeitung der Sie betreffenden personenbezogenen Daten gegen die DSGVO verst\u00f6\u00dft. <\/p>\n<\/div>\n\t\t<\/div><\/div><\/div><\/div>","protected":false},"excerpt":{"rendered":"<p>Datenschutzerkla\u0308rung Verantwortlicher im Sinne der Datenschutz-Grundverordnung, sonstiger in den Mitgliedstaaten der Europ\u00e4ischen Union geltenden Datenschutzgesetze und anderer Bestimmungen mit datenschutzrechtlichem Charakter ist Herr Frank Werner, Landsberger Str. 140, 53119 Bonn (nachfolgend \u201eVerantwortlicher\u201c bzw. \u201ewir\u201c oder \u201euns\u201c). A. Allgemeines zur Datenverarbeitung &hellip; <a class=\"kt-excerpt-readmore\" href=\"https:\/\/rheinholz-bonn.de\/?page_id=523\" aria-label=\"Datenschutz\">Weiterlesen<\/a><\/p>\n","protected":false},"author":1,"featured_media":0,"parent":0,"menu_order":0,"comment_status":"open","ping_status":"open","template":"page-fullwidth.php","meta":{"footnotes":""},"class_list":["post-523","page","type-page","status-publish","hentry"],"_links":{"self":[{"href":"https:\/\/rheinholz-bonn.de\/index.php?rest_route=\/wp\/v2\/pages\/523","targetHints":{"allow":["GET"]}}],"collection":[{"href":"https:\/\/rheinholz-bonn.de\/index.php?rest_route=\/wp\/v2\/pages"}],"about":[{"href":"https:\/\/rheinholz-bonn.de\/index.php?rest_route=\/wp\/v2\/types\/page"}],"author":[{"embeddable":true,"href":"https:\/\/rheinholz-bonn.de\/index.php?rest_route=\/wp\/v2\/users\/1"}],"replies":[{"embeddable":true,"href":"https:\/\/rheinholz-bonn.de\/index.php?rest_route=%2Fwp%2Fv2%2Fcomments&post=523"}],"version-history":[{"count":8,"href":"https:\/\/rheinholz-bonn.de\/index.php?rest_route=\/wp\/v2\/pages\/523\/revisions"}],"predecessor-version":[{"id":2175,"href":"https:\/\/rheinholz-bonn.de\/index.php?rest_route=\/wp\/v2\/pages\/523\/revisions\/2175"}],"wp:attachment":[{"href":"https:\/\/rheinholz-bonn.de\/index.php?rest_route=%2Fwp%2Fv2%2Fmedia&parent=523"}],"curies":[{"name":"wp","href":"https:\/\/api.w.org\/{rel}","templated":true}]}}